{"id":9,"date":"2014-11-10T10:39:11","date_gmt":"2014-11-10T09:39:11","guid":{"rendered":"http:\/\/www.blackies.net\/work\/?page_id=9"},"modified":"2023-01-17T10:55:53","modified_gmt":"2023-01-17T09:55:53","slug":"reference","status":"publish","type":"page","link":"https:\/\/www.blackies.net\/?page_id=9","title":{"rendered":"Reference a projekty"},"content":{"rendered":"<p><a name=\"ecc\"><\/a>\u00a0<strong>Economy Class Company s.r.o<\/strong><\/p>\n<p>Pro firmu ECC jsme vytvo\u0159ili kompletn\u00ed skladov\u00fd syst\u00e9m, WWW str\u00e1nky s E-shopem.<\/p>\n<p><a href=\"http:\/\/www.blackies.net\/wp-content\/uploads\/2023\/01\/ecc.png\"><img decoding=\"async\" loading=\"lazy\" class=\"alignnone wp-image-131\" src=\"http:\/\/www.blackies.net\/wp-content\/uploads\/2023\/01\/ecc.png\" alt=\"\" width=\"332\" height=\"237\" srcset=\"https:\/\/www.blackies.net\/wp-content\/uploads\/2023\/01\/ecc.png 2063w, https:\/\/www.blackies.net\/wp-content\/uploads\/2023\/01\/ecc-300x214.png 300w, https:\/\/www.blackies.net\/wp-content\/uploads\/2023\/01\/ecc-768x547.png 768w, https:\/\/www.blackies.net\/wp-content\/uploads\/2023\/01\/ecc-1024x730.png 1024w, https:\/\/www.blackies.net\/wp-content\/uploads\/2023\/01\/ecc-80x57.png 80w\" sizes=\"(max-width: 332px) 100vw, 332px\" \/><\/a><a href=\"http:\/\/www.blackies.net\/wp-content\/uploads\/2014\/11\/eccWWW.png\" target=\"_blank\" rel=\"noopener\"><img decoding=\"async\" loading=\"lazy\" class=\"alignnone size-full wp-image-68\" src=\"http:\/\/www.blackies.net\/wp-content\/uploads\/2014\/11\/sECCWWW.png\" alt=\"sECCWWW\" width=\"231\" height=\"170\" \/><\/a><\/p>\n<p><strong>NPI \u010cR<\/strong><\/p>\n<p>Pro NPI \u010cR vznikly aplikace pro simulace re\u00e1ln\u00e9ho prost\u0159ed\u00ed pro fiktivn\u00ed firmy CEFIFPoint (a CEFIFPortal) a bankovn\u00ed syst\u00e9m CEFIFIS. Tyto aplikace jsou propojeny s mezin\u00e1rodn\u00ed Pen Worldwide, kter\u00e1 umo\u017e\u0148uje fiktivn\u00edm firm\u00e1m obchodovat se zahrani\u010dn\u00edmi firmami.<\/p>\n<p><a href=\"http:\/\/www.blackies.net\/wp-content\/uploads\/2023\/01\/cefifpoint.png\"><img decoding=\"async\" loading=\"lazy\" class=\"alignnone  wp-image-133\" src=\"http:\/\/www.blackies.net\/wp-content\/uploads\/2023\/01\/cefifpoint.png\" alt=\"\" width=\"428\" height=\"257\" srcset=\"https:\/\/www.blackies.net\/wp-content\/uploads\/2023\/01\/cefifpoint.png 2850w, https:\/\/www.blackies.net\/wp-content\/uploads\/2023\/01\/cefifpoint-300x180.png 300w, https:\/\/www.blackies.net\/wp-content\/uploads\/2023\/01\/cefifpoint-768x461.png 768w, https:\/\/www.blackies.net\/wp-content\/uploads\/2023\/01\/cefifpoint-1024x615.png 1024w, https:\/\/www.blackies.net\/wp-content\/uploads\/2023\/01\/cefifpoint-80x48.png 80w\" sizes=\"(max-width: 428px) 100vw, 428px\" \/><\/a><\/p>\n<p><strong>GoSpace<\/strong><\/p>\n<p>Spolupr\u00e1ce se slovensk\u00fdm \u00fasp\u011b\u0161n\u00fdm start-upem dovolila vzniknout n\u011bkolika aplikac\u00edm &#8211; administr\u00e1torsk\u00e9mu prost\u0159ed\u00ed pro spr\u00e1vu parkovac\u00edch senzor\u016f DoTa a aplikac\u00edm pro Android.<\/p>\n<p><a href=\"http:\/\/www.blackies.net\/wp-content\/uploads\/2023\/01\/dota.png\"><img decoding=\"async\" loading=\"lazy\" class=\"alignnone  wp-image-132\" src=\"http:\/\/www.blackies.net\/wp-content\/uploads\/2023\/01\/dota.png\" alt=\"\" width=\"511\" height=\"302\" srcset=\"https:\/\/www.blackies.net\/wp-content\/uploads\/2023\/01\/dota.png 3143w, https:\/\/www.blackies.net\/wp-content\/uploads\/2023\/01\/dota-300x177.png 300w, https:\/\/www.blackies.net\/wp-content\/uploads\/2023\/01\/dota-768x453.png 768w, https:\/\/www.blackies.net\/wp-content\/uploads\/2023\/01\/dota-1024x604.png 1024w, https:\/\/www.blackies.net\/wp-content\/uploads\/2023\/01\/dota-80x47.png 80w\" sizes=\"(max-width: 511px) 100vw, 511px\" \/><\/a> <a href=\"http:\/\/www.blackies.net\/wp-content\/uploads\/2023\/01\/gospace3-e1673893596956.jpg\"><img decoding=\"async\" loading=\"lazy\" class=\"alignnone  wp-image-134\" src=\"http:\/\/www.blackies.net\/wp-content\/uploads\/2023\/01\/gospace3-e1673893596956.jpg\" alt=\"\" width=\"275\" height=\"275\" srcset=\"https:\/\/www.blackies.net\/wp-content\/uploads\/2023\/01\/gospace3-e1673893596956.jpg 325w, https:\/\/www.blackies.net\/wp-content\/uploads\/2023\/01\/gospace3-e1673893596956-150x150.jpg 150w, https:\/\/www.blackies.net\/wp-content\/uploads\/2023\/01\/gospace3-e1673893596956-300x300.jpg 300w\" sizes=\"(max-width: 275px) 100vw, 275px\" \/><\/a><a href=\"http:\/\/www.blackies.net\/wp-content\/uploads\/2023\/01\/gospace1.jpg\"><img decoding=\"async\" loading=\"lazy\" class=\"alignnone  wp-image-155\" src=\"http:\/\/www.blackies.net\/wp-content\/uploads\/2023\/01\/gospace1.jpg\" alt=\"\" width=\"138\" height=\"245\" srcset=\"https:\/\/www.blackies.net\/wp-content\/uploads\/2023\/01\/gospace1.jpg 720w, https:\/\/www.blackies.net\/wp-content\/uploads\/2023\/01\/gospace1-169x300.jpg 169w, https:\/\/www.blackies.net\/wp-content\/uploads\/2023\/01\/gospace1-576x1024.jpg 576w\" sizes=\"(max-width: 138px) 100vw, 138px\" \/><\/a><a href=\"http:\/\/www.blackies.net\/wp-content\/uploads\/2023\/01\/gospace2.jpg\"><img decoding=\"async\" loading=\"lazy\" class=\"alignnone  wp-image-154\" src=\"http:\/\/www.blackies.net\/wp-content\/uploads\/2023\/01\/gospace2.jpg\" alt=\"\" width=\"113\" height=\"245\" srcset=\"https:\/\/www.blackies.net\/wp-content\/uploads\/2023\/01\/gospace2.jpg 945w, https:\/\/www.blackies.net\/wp-content\/uploads\/2023\/01\/gospace2-138x300.jpg 138w, https:\/\/www.blackies.net\/wp-content\/uploads\/2023\/01\/gospace2-473x1024.jpg 473w, https:\/\/www.blackies.net\/wp-content\/uploads\/2023\/01\/gospace2-768x1664.jpg 768w, https:\/\/www.blackies.net\/wp-content\/uploads\/2023\/01\/gospace2-709x1536.jpg 709w\" sizes=\"(max-width: 113px) 100vw, 113px\" \/><\/a><\/p>\n<p><strong>Fakulta dopravn\u00ed \u010cVUT<\/strong><\/p>\n<p>Mobiln\u00ed aplikace pro sb\u011br dat ze senzor\u016f, slou\u017e\u00edc\u00ed k vytv\u00e1\u0159en\u00ed map zne\u010di\u0161t\u011bn\u00ed, firmware pro jednotky ur\u010den\u00e9 k m\u011b\u0159en\u00ed zne\u010di\u0161t\u011bn\u00ed ovzdu\u0161\u00ed <a href=\"https:\/\/security.fd.cvut.cz\/airtracker-senzoricka-jednotka-pro-online-mereni-kvality-zivotniho-prostredi\/\">(AirTracker)<\/a>.<\/p>\n<p><a href=\"http:\/\/www.blackies.net\/wp-content\/uploads\/2014\/11\/ss_main.png\" target=\"_blank\" rel=\"noopener\"><img decoding=\"async\" loading=\"lazy\" class=\"alignnone size-full wp-image-78\" src=\"http:\/\/www.blackies.net\/wp-content\/uploads\/2014\/11\/cvut_main.png\" alt=\"cvut_main\" width=\"141\" height=\"250\" \/><\/a> <a href=\"http:\/\/www.blackies.net\/wp-content\/uploads\/2014\/11\/ss_settings.png\" target=\"_blank\" rel=\"noopener\"><img decoding=\"async\" loading=\"lazy\" class=\"alignnone size-full wp-image-79\" src=\"http:\/\/www.blackies.net\/wp-content\/uploads\/2014\/11\/ss_settings.png\" alt=\"ss_settings\" width=\"141\" height=\"250\" \/><\/a><\/p>\n<p><a name=\"kzv\"><\/a>\u00a0<strong>Komer\u010dn\u00ed \u017eelezni\u010dn\u00ed v\u00fdzkum spol. s.r.o.<\/strong><\/p>\n<p>Pro firmu K\u017dV vyv\u00edj\u00edme program, kter\u00fd m\u011b\u0159\u00ed stav a kvalitu kolej\u00ed a k n\u011bmu p\u0159\u00edslu\u0161n\u00fd vyhodnocovac\u00ed program ur\u010den\u00fd pro \u0161pan\u011blsk\u00e9 \u017eeleznice.<\/p>\n<p><a href=\"http:\/\/www.blackies.net\/wp-content\/uploads\/2014\/11\/sicade-1.png\" target=\"_blank\" rel=\"noopener\"><img decoding=\"async\" loading=\"lazy\" class=\"alignnone size-full wp-image-73\" src=\"http:\/\/www.blackies.net\/wp-content\/uploads\/2014\/11\/sicade.png\" alt=\"sicade\" width=\"143\" height=\"170\" \/><\/a> <a href=\"http:\/\/www.blackies.net\/wp-content\/uploads\/2014\/11\/eval-1.png\" target=\"_blank\" rel=\"noopener\"><img decoding=\"async\" loading=\"lazy\" class=\"alignnone size-full wp-image-74\" src=\"http:\/\/www.blackies.net\/wp-content\/uploads\/2014\/11\/eval.png\" alt=\"eval\" width=\"289\" height=\"170\" \/><\/a><\/p>\n<p><a name=\"taxvision\"><\/a>\u00a0<strong>TaxVision<\/strong><\/p>\n<p>WWW str\u00e1nky s redak\u010dn\u00edm syst\u00e9mem pro firmu zab\u00fdvaj\u00edc\u00ed se \u00fa\u010detnictv\u00edm a da\u0148ov\u00fdm poradenstv\u00edm.<\/p>\n<p><a href=\"http:\/\/www.blackies.net\/wp-content\/uploads\/2014\/11\/taxvision-1.png\" target=\"_blank\" rel=\"noopener\"><img decoding=\"async\" loading=\"lazy\" class=\"alignnone size-full wp-image-75\" src=\"http:\/\/www.blackies.net\/wp-content\/uploads\/2014\/11\/taxvision.png\" alt=\"taxvision\" width=\"194\" height=\"170\" \/><\/a><\/p>\n<p><strong>HSW<\/strong><\/p>\n<p>Aplikace Helpdesk pro firmu HSW Signall.<\/p>\n<p><a href=\"http:\/\/www.blackies.net\/wp-content\/uploads\/2015\/12\/hsw-1.png\" target=\"_blank\" rel=\"noopener\"><img decoding=\"async\" loading=\"lazy\" class=\"alignnone size-full wp-image-76\" src=\"http:\/\/www.blackies.net\/wp-content\/uploads\/2014\/11\/hsw.png\" alt=\"hsw\" width=\"335\" height=\"170\" \/><\/a><\/p>\n<p>PHOTOGARDEN<\/p>\n<p>E-shop fotografi\u00ed &#8211; PhotoGarden.<\/p>\n<p><a href=\"http:\/\/www.blackies.net\/wp-content\/uploads\/2014\/11\/photogarden-1.png\" target=\"_blank\" rel=\"noopener\"><img decoding=\"async\" loading=\"lazy\" class=\"alignnone size-full wp-image-84\" src=\"http:\/\/www.blackies.net\/wp-content\/uploads\/2014\/11\/sphotogarden-11.png\" alt=\"sphotogarden (1)\" width=\"191\" height=\"170\" \/><\/a><\/p>\n<p><strong>DSK<\/strong><\/p>\n<p>WWW str\u00e1nky s redak\u010dn\u00edm syst\u00e9mem pro basketbalov\u00fd klub DSK Karl\u00edn.<\/p>\n<p><a href=\"http:\/\/www.blackies.net\/wp-content\/uploads\/2014\/11\/dsk-1.png\" target=\"_blank\" rel=\"noopener\"><img decoding=\"async\" loading=\"lazy\" class=\"alignnone size-full wp-image-77\" src=\"http:\/\/www.blackies.net\/wp-content\/uploads\/2014\/11\/dsk.png\" alt=\"dsk\" width=\"208\" height=\"170\" \/><\/a><\/p>\n","protected":false},"excerpt":{"rendered":"<p>\u00a0Economy Class Company s.r.o Pro firmu ECC jsme vytvo\u0159ili kompletn\u00ed skladov\u00fd syst\u00e9m, WWW str\u00e1nky s E-shopem. NPI \u010cR Pro NPI \u010cR vznikly aplikace pro simulace re\u00e1ln\u00e9ho prost\u0159ed\u00ed pro fiktivn\u00ed firmy CEFIFPoint (a CEFIFPortal) a bankovn\u00ed syst\u00e9m CEFIFIS. Tyto aplikace jsou propojeny s mezin\u00e1rodn\u00ed Pen Worldwide, kter\u00e1 umo\u017e\u0148uje fiktivn\u00edm firm\u00e1m obchodovat se zahrani\u010dn\u00edmi firmami. GoSpace Spolupr\u00e1ce [&hellip;]<\/p>\n","protected":false},"author":1,"featured_media":0,"parent":0,"menu_order":0,"comment_status":"closed","ping_status":"closed","template":"fullwidth.php","meta":[],"_links":{"self":[{"href":"https:\/\/www.blackies.net\/index.php?rest_route=\/wp\/v2\/pages\/9"}],"collection":[{"href":"https:\/\/www.blackies.net\/index.php?rest_route=\/wp\/v2\/pages"}],"about":[{"href":"https:\/\/www.blackies.net\/index.php?rest_route=\/wp\/v2\/types\/page"}],"author":[{"embeddable":true,"href":"https:\/\/www.blackies.net\/index.php?rest_route=\/wp\/v2\/users\/1"}],"replies":[{"embeddable":true,"href":"https:\/\/www.blackies.net\/index.php?rest_route=%2Fwp%2Fv2%2Fcomments&post=9"}],"version-history":[{"count":24,"href":"https:\/\/www.blackies.net\/index.php?rest_route=\/wp\/v2\/pages\/9\/revisions"}],"predecessor-version":[{"id":156,"href":"https:\/\/www.blackies.net\/index.php?rest_route=\/wp\/v2\/pages\/9\/revisions\/156"}],"wp:attachment":[{"href":"https:\/\/www.blackies.net\/index.php?rest_route=%2Fwp%2Fv2%2Fmedia&parent=9"}],"curies":[{"name":"wp","href":"https:\/\/api.w.org\/{rel}","templated":true}]}}