{"id":7,"date":"2014-11-10T10:39:00","date_gmt":"2014-11-10T09:39:00","guid":{"rendered":"http:\/\/www.blackies.net\/work\/?page_id=7"},"modified":"2023-01-17T15:43:00","modified_gmt":"2023-01-17T14:43:00","slug":"co-nabizime","status":"publish","type":"page","link":"https:\/\/www.blackies.net\/?page_id=7","title":{"rendered":"Na\u0161e slu\u017eby"},"content":{"rendered":"<p style=\"text-align: center;\">Nab\u00edz\u00edme komplexn\u00ed \u0159e\u0161en\u00ed v informa\u010dn\u00edch technologi\u00edch.<br \/>\nNavrhujeme a implementujeme \u0159e\u0161en\u00ed z\u00e1kazn\u00edk\u016fm na m\u00edru.<br \/>\nPo d\u016fkladn\u00e9 anal\u00fdze a n\u00e1vrz\u00edch z na\u0161\u00ed strany i ze strany z\u00e1kazn\u00edka vznikaj\u00ed unik\u00e1tn\u00ed projekty, vyhovuj\u00edc\u00ed v\u0161em po\u017eadavk\u016fm specifikace.<\/p>\n<p style=\"text-align: center;\"><strong>Nab\u00edz\u00edme tyto slu\u017eby:<\/strong><br \/>\nprogramov\u00e1n\u00ed WWW str\u00e1nek a aplikac\u00ed (html\/css\/javascript\/php\/MySQL\/PostgreSQL)<br \/>\nv\u00fdvoj SW na zak\u00e1zku (C#\/php\/javascript\/C\/C++\/java)<br \/>\nv\u00fdvoj mobiln\u00edch aplikac\u00ed pro Android<br \/>\nkompletn\u00ed anal\u00fdza projekt\u016f<br \/>\nkonzultace v oblasti IT<br \/>\nprojektov\u00e9 \u0159\u00edzen\u00ed a poradenstv\u00ed<br \/>\nadministrace syst\u00e9mu a s\u00edt\u00ed<br \/>\ngrafick\u00fd design aplikac\u00ed nebo WWW str\u00e1nek<\/p>\n","protected":false},"excerpt":{"rendered":"<p>Nab\u00edz\u00edme komplexn\u00ed \u0159e\u0161en\u00ed v informa\u010dn\u00edch technologi\u00edch. Navrhujeme a implementujeme \u0159e\u0161en\u00ed z\u00e1kazn\u00edk\u016fm na m\u00edru. Po d\u016fkladn\u00e9 anal\u00fdze a n\u00e1vrz\u00edch z na\u0161\u00ed strany i ze strany z\u00e1kazn\u00edka vznikaj\u00ed unik\u00e1tn\u00ed projekty, vyhovuj\u00edc\u00ed v\u0161em po\u017eadavk\u016fm specifikace. Nab\u00edz\u00edme tyto slu\u017eby: programov\u00e1n\u00ed WWW str\u00e1nek a aplikac\u00ed (html\/css\/javascript\/php\/MySQL\/PostgreSQL) v\u00fdvoj SW na zak\u00e1zku (C#\/php\/javascript\/C\/C++\/java) v\u00fdvoj mobiln\u00edch aplikac\u00ed pro Android kompletn\u00ed anal\u00fdza projekt\u016f konzultace [&hellip;]<\/p>\n","protected":false},"author":1,"featured_media":0,"parent":0,"menu_order":0,"comment_status":"closed","ping_status":"open","template":"","meta":[],"_links":{"self":[{"href":"https:\/\/www.blackies.net\/index.php?rest_route=\/wp\/v2\/pages\/7"}],"collection":[{"href":"https:\/\/www.blackies.net\/index.php?rest_route=\/wp\/v2\/pages"}],"about":[{"href":"https:\/\/www.blackies.net\/index.php?rest_route=\/wp\/v2\/types\/page"}],"author":[{"embeddable":true,"href":"https:\/\/www.blackies.net\/index.php?rest_route=\/wp\/v2\/users\/1"}],"replies":[{"embeddable":true,"href":"https:\/\/www.blackies.net\/index.php?rest_route=%2Fwp%2Fv2%2Fcomments&post=7"}],"version-history":[{"count":11,"href":"https:\/\/www.blackies.net\/index.php?rest_route=\/wp\/v2\/pages\/7\/revisions"}],"predecessor-version":[{"id":158,"href":"https:\/\/www.blackies.net\/index.php?rest_route=\/wp\/v2\/pages\/7\/revisions\/158"}],"wp:attachment":[{"href":"https:\/\/www.blackies.net\/index.php?rest_route=%2Fwp%2Fv2%2Fmedia&parent=7"}],"curies":[{"name":"wp","href":"https:\/\/api.w.org\/{rel}","templated":true}]}}